{"id":73,"date":"2026-01-17T12:43:49","date_gmt":"2026-01-17T12:43:49","guid":{"rendered":"http:\/\/lamilandiere.fr\/?page_id=73"},"modified":"2026-04-06T13:52:26","modified_gmt":"2026-04-06T13:52:26","slug":"mes-partenaires","status":"publish","type":"page","link":"https:\/\/lamilandiere.fr\/index.php\/mes-partenaires\/","title":{"rendered":"Mes Partenaires"},"content":{"rendered":"\n<p><\/p>\n\n\n\n<div class=\"wp-block-group faq-section has-fourthaccent-background-color has-background is-layout-constrained wp-container-core-group-is-layout-06b849ee wp-block-group-is-layout-constrained\" style=\"margin-top:0;margin-bottom:0;padding-top:0;padding-right:var(--wp--preset--spacing--60);padding-bottom:0;padding-left:var(--wp--preset--spacing--60)\">\n<div class=\"wp-block-cover\" style=\"border-top-left-radius:20px;border-top-right-radius:20px;border-bottom-left-radius:20px;border-bottom-right-radius:20px\"><span aria-hidden=\"true\" class=\"wp-block-cover__background has-background-dim-100 has-background-dim has-background-gradient has-primary-gradient-gradient-background\"><\/span><div class=\"wp-block-cover__inner-container is-layout-constrained wp-container-core-cover-is-layout-7a3688e9 wp-block-cover-is-layout-constrained\">\n<div class=\"wp-block-columns is-layout-flex wp-container-core-columns-is-layout-c31d546c wp-block-columns-is-layout-flex\" style=\"margin-top:var(--wp--preset--spacing--60);margin-bottom:var(--wp--preset--spacing--60)\">\n<div class=\"wp-block-column faq-left wow zoomInLeft is-layout-flow wp-container-core-column-is-layout-f5bb311e wp-block-column-is-layout-flow\">\n<p class=\"has-fourthaccent-color has-text-color has-link-color has-lato-font-family wp-elements-8ee65baf035e28915dc2afa5d3a28f09\" style=\"font-size:17px;font-style:italic;font-weight:700\"><\/p>\n\n\n\n<h2 class=\"wp-block-heading has-fourthaccent-color has-text-color has-link-color has-lato-font-family wp-elements-e553e06f2aaffb7620e041331bd0280d\" style=\"font-size:26px;font-style:italic;font-weight:700\">L&rsquo;association Cultures Fertiles<\/h2>\n\n\n\n<p class=\"short-para-text has-secaccent-color has-text-color has-link-color has-lato-font-family has-small-font-size wp-elements-9721f3fe109792d6d32a4856b4066778\" style=\"padding-bottom:var(--wp--preset--spacing--30);font-style:italic;font-weight:400;line-height:1.8\">J&rsquo;ai cr\u00e9\u00e9 l&rsquo;association Cultures Fertiles pour toutes les activit\u00e9s li\u00e9es \u00e0 la sant\u00e9 ainsi que l&rsquo;accompagnement \u00e0 mieux vivre avec soi-m\u00eame. Vous trouverez les contacts des th\u00e9rapeutes dont nous avons parl\u00e9s.<\/p>\n\n\n\n<figure class=\"wp-block-image size-full is-resized has-custom-border\"><a href=\"https:\/\/culturesfertiles.com\/\"><img loading=\"lazy\" decoding=\"async\" width=\"940\" height=\"788\" src=\"https:\/\/lamilandiere.fr\/wp-content\/uploads\/2026\/04\/Cultures-Fertiles-11.png\" alt=\"\" class=\"wp-image-413\" style=\"border-style:none;border-width:0px;aspect-ratio:2.3832589285714287;width:348px;height:auto\" srcset=\"https:\/\/lamilandiere.fr\/wp-content\/uploads\/2026\/04\/Cultures-Fertiles-11.png 940w, https:\/\/lamilandiere.fr\/wp-content\/uploads\/2026\/04\/Cultures-Fertiles-11-300x251.png 300w, https:\/\/lamilandiere.fr\/wp-content\/uploads\/2026\/04\/Cultures-Fertiles-11-768x644.png 768w\" sizes=\"auto, (max-width: 940px) 100vw, 940px\" \/><\/a><\/figure>\n<\/div>\n\n\n\n<div class=\"wp-block-column faq-right wow zoomInRight is-layout-flow wp-container-core-column-is-layout-119bc444 wp-block-column-is-layout-flow\">\n<div class=\"wp-block-buttons is-layout-flex wp-block-buttons-is-layout-flex\">\n<div class=\"wp-block-button is-style-outline is-style-outline--1\"><a class=\"wp-block-button__link wp-element-button\" href=\"https:\/\/culturesfertiles.com\">Site de l&rsquo;association<\/a><\/div>\n<\/div>\n<\/div>\n<\/div>\n<\/div><\/div>\n<\/div>\n","protected":false},"excerpt":{"rendered":"","protected":false},"author":1,"featured_media":0,"parent":0,"menu_order":0,"comment_status":"closed","ping_status":"closed","template":"","meta":{"footnotes":""},"class_list":["post-73","page","type-page","status-publish","hentry"],"_links":{"self":[{"href":"https:\/\/lamilandiere.fr\/index.php\/wp-json\/wp\/v2\/pages\/73","targetHints":{"allow":["GET"]}}],"collection":[{"href":"https:\/\/lamilandiere.fr\/index.php\/wp-json\/wp\/v2\/pages"}],"about":[{"href":"https:\/\/lamilandiere.fr\/index.php\/wp-json\/wp\/v2\/types\/page"}],"author":[{"embeddable":true,"href":"https:\/\/lamilandiere.fr\/index.php\/wp-json\/wp\/v2\/users\/1"}],"replies":[{"embeddable":true,"href":"https:\/\/lamilandiere.fr\/index.php\/wp-json\/wp\/v2\/comments?post=73"}],"version-history":[{"count":6,"href":"https:\/\/lamilandiere.fr\/index.php\/wp-json\/wp\/v2\/pages\/73\/revisions"}],"predecessor-version":[{"id":415,"href":"https:\/\/lamilandiere.fr\/index.php\/wp-json\/wp\/v2\/pages\/73\/revisions\/415"}],"wp:attachment":[{"href":"https:\/\/lamilandiere.fr\/index.php\/wp-json\/wp\/v2\/media?parent=73"}],"curies":[{"name":"wp","href":"https:\/\/api.w.org\/{rel}","templated":true}]}}