{"id":71,"date":"2026-01-17T12:43:32","date_gmt":"2026-01-17T12:43:32","guid":{"rendered":"http:\/\/lamilandiere.fr\/?page_id=71"},"modified":"2026-03-04T19:03:41","modified_gmt":"2026-03-04T19:03:41","slug":"la-boutique","status":"publish","type":"page","link":"https:\/\/lamilandiere.fr\/index.php\/la-boutique\/","title":{"rendered":"La boutique"},"content":{"rendered":"\n<div class=\"wp-block-group alignfull has-luminous-vivid-amber-color has-text-color has-background is-layout-flow wp-block-group-is-layout-flow\" style=\"background-color:#4e301b\">\n<div class=\"wp-block-buttons is-horizontal is-content-justification-center is-layout-flex wp-container-core-buttons-is-layout-8feca553 wp-block-buttons-is-layout-flex\" style=\"padding-top:0;padding-bottom:0\">\n<div class=\"wp-block-button has-custom-width wp-block-button__width-75\"><a class=\"wp-block-button__link has-primary-color has-text-color has-background has-large-font-size has-custom-font-size wp-element-button\" href=\"https:\/\/lamilandiere.sumupstore.com\/\" style=\"border-radius:50px;background-color:#ffba35\" target=\"_blank\" rel=\"noreferrer noopener\">Boutique en ligne ici<\/a><\/div>\n<\/div>\n\n\n\n<figure class=\"wp-block-image size-large is-style-rounded\"><img loading=\"lazy\" decoding=\"async\" width=\"1024\" height=\"410\" src=\"http:\/\/lamilandiere.fr\/wp-content\/uploads\/2026\/01\/Banniere-MiL-Patisseries-34-1024x410.png\" alt=\"\" class=\"wp-image-156\" srcset=\"https:\/\/lamilandiere.fr\/wp-content\/uploads\/2026\/01\/Banniere-MiL-Patisseries-34-1024x410.png 1024w, https:\/\/lamilandiere.fr\/wp-content\/uploads\/2026\/01\/Banniere-MiL-Patisseries-34-300x120.png 300w, https:\/\/lamilandiere.fr\/wp-content\/uploads\/2026\/01\/Banniere-MiL-Patisseries-34-768x307.png 768w, https:\/\/lamilandiere.fr\/wp-content\/uploads\/2026\/01\/Banniere-MiL-Patisseries-34-1536x614.png 1536w, https:\/\/lamilandiere.fr\/wp-content\/uploads\/2026\/01\/Banniere-MiL-Patisseries-34-2048x819.png 2048w\" sizes=\"auto, (max-width: 1024px) 100vw, 1024px\" \/><\/figure>\n<\/div>\n\n\n\n<div class=\"wp-block-group faq-section has-fourthaccent-background-color has-background is-layout-constrained wp-container-core-group-is-layout-ad1482be wp-block-group-is-layout-constrained\" style=\"margin-top:0;margin-bottom:0;padding-top:0;padding-right:var(--wp--preset--spacing--60);padding-bottom:0;padding-left:var(--wp--preset--spacing--60)\"><\/div>\n\n\n\n<h1 class=\"wp-block-heading has-text-align-center\">Les magasins relais des commandes<\/h1>\n\n\n\n<div class=\"wp-block-columns is-layout-flex wp-container-core-columns-is-layout-28f84493 wp-block-columns-is-layout-flex\">\n<div class=\"wp-block-column is-layout-flow wp-block-column-is-layout-flow\">\n<h2 class=\"wp-block-heading\"><a href=\"https:\/\/aupredecheznous.com\/\" data-type=\"link\" data-id=\"https:\/\/aupredecheznous.com\/\" target=\"_blank\" rel=\"noreferrer noopener\">Saint-Egr\u00e8ve, Au pr\u00e9 de chez nous<\/a><\/h2>\n\n\n\n<p>1 bis rue de Pr\u00e9dieu 38120 St-Egr\u00e8ve. Du mardi au samedi de 9h30 \u00e0 19h30 <\/p>\n<\/div>\n\n\n\n<div class=\"wp-block-column is-layout-flow wp-block-column-is-layout-flow\">\n<h2 class=\"wp-block-heading\"><a href=\"https:\/\/montvracgrenoble.fr\/?utm_source=gmb#magasin\" data-type=\"link\" data-id=\"https:\/\/montvracgrenoble.fr\/?utm_source=gmb#magasin\" target=\"_blank\" rel=\"noreferrer noopener\">Grenoble, Mont-Vrac<\/a><\/h2>\n\n\n\n<p>37 place St-Bruno, 38000 Grenoble. Du mardi au samedi 9h-13h\/ 15h-19h<\/p>\n<\/div>\n\n\n\n<div class=\"wp-block-column is-layout-flow wp-block-column-is-layout-flow\">\n<h2 class=\"wp-block-heading\"><a href=\"https:\/\/www.instantspartages.fr\/\" data-type=\"link\" data-id=\"https:\/\/www.instantspartages.fr\/\" target=\"_blank\" rel=\"noreferrer noopener\">Echirolles, Instants partag\u00e9s<\/a><\/h2>\n\n\n\n<p>21 rue Paul H\u00e9roult, 38130 Echirolles. Du lundi au vendredi 9h-20h<\/p>\n<\/div>\n<\/div>\n\n\n\n<div class=\"wp-block-columns is-layout-flex wp-container-core-columns-is-layout-28f84493 wp-block-columns-is-layout-flex\">\n<div class=\"wp-block-column is-layout-flow wp-block-column-is-layout-flow\">\n<h2 class=\"wp-block-heading\"><\/h2>\n\n\n\n<p><\/p>\n<\/div>\n\n\n\n<div class=\"wp-block-column is-layout-flow wp-block-column-is-layout-flow\"><\/div>\n\n\n\n<div class=\"wp-block-column is-layout-flow wp-block-column-is-layout-flow\"><\/div>\n<\/div>\n\n\n\n<h2 class=\"wp-block-heading has-text-align-center has-background\" style=\"background-color:#ffba35\">Livraison et installation possible pour les autres prestations, me contacter au 07.84.99.26.15 ou leila.lamilandiere@gmail.com. <\/h2>\n\n\n\n<figure class=\"wp-block-image size-full is-style-rounded\"><img loading=\"lazy\" decoding=\"async\" width=\"940\" height=\"788\" src=\"https:\/\/lamilandiere.fr\/wp-content\/uploads\/2026\/01\/Traiteur-inclusif-19.png\" alt=\"\" class=\"wp-image-269\" srcset=\"https:\/\/lamilandiere.fr\/wp-content\/uploads\/2026\/01\/Traiteur-inclusif-19.png 940w, https:\/\/lamilandiere.fr\/wp-content\/uploads\/2026\/01\/Traiteur-inclusif-19-300x251.png 300w, https:\/\/lamilandiere.fr\/wp-content\/uploads\/2026\/01\/Traiteur-inclusif-19-768x644.png 768w\" sizes=\"auto, (max-width: 940px) 100vw, 940px\" \/><\/figure>\n","protected":false},"excerpt":{"rendered":"<p>Les magasins relais des commandes Saint-Egr\u00e8ve, Au pr\u00e9 de chez nous 1 bis rue de Pr\u00e9dieu 38120 St-Egr\u00e8ve. Du mardi au samedi de 9h30 \u00e0 19h30 Grenoble, Mont-Vrac 37 place St-Bruno, 38000 Grenoble. Du mardi au samedi 9h-13h\/ 15h-19h Echirolles, Instants partag\u00e9s 21 rue Paul H\u00e9roult, 38130 Echirolles. Du lundi au vendredi 9h-20h Livraison et [&hellip;]<\/p>\n","protected":false},"author":1,"featured_media":0,"parent":0,"menu_order":0,"comment_status":"closed","ping_status":"closed","template":"","meta":{"footnotes":""},"class_list":["post-71","page","type-page","status-publish","hentry"],"_links":{"self":[{"href":"https:\/\/lamilandiere.fr\/index.php\/wp-json\/wp\/v2\/pages\/71","targetHints":{"allow":["GET"]}}],"collection":[{"href":"https:\/\/lamilandiere.fr\/index.php\/wp-json\/wp\/v2\/pages"}],"about":[{"href":"https:\/\/lamilandiere.fr\/index.php\/wp-json\/wp\/v2\/types\/page"}],"author":[{"embeddable":true,"href":"https:\/\/lamilandiere.fr\/index.php\/wp-json\/wp\/v2\/users\/1"}],"replies":[{"embeddable":true,"href":"https:\/\/lamilandiere.fr\/index.php\/wp-json\/wp\/v2\/comments?post=71"}],"version-history":[{"count":24,"href":"https:\/\/lamilandiere.fr\/index.php\/wp-json\/wp\/v2\/pages\/71\/revisions"}],"predecessor-version":[{"id":342,"href":"https:\/\/lamilandiere.fr\/index.php\/wp-json\/wp\/v2\/pages\/71\/revisions\/342"}],"wp:attachment":[{"href":"https:\/\/lamilandiere.fr\/index.php\/wp-json\/wp\/v2\/media?parent=71"}],"curies":[{"name":"wp","href":"https:\/\/api.w.org\/{rel}","templated":true}]}}