{"id":69,"date":"2026-01-17T12:43:16","date_gmt":"2026-01-17T12:43:16","guid":{"rendered":"http:\/\/lamilandiere.fr\/?page_id=69"},"modified":"2026-02-14T09:25:01","modified_gmt":"2026-02-14T09:25:01","slug":"lassiette","status":"publish","type":"page","link":"https:\/\/lamilandiere.fr\/index.php\/lassiette\/","title":{"rendered":"L&rsquo;assiette"},"content":{"rendered":"\n<div id=\"aboutus\" class=\"wp-block-group about-us-section has-fourthaccent-background-color has-background is-layout-constrained wp-container-core-group-is-layout-7c6e59be wp-block-group-is-layout-constrained\">\n<div class=\"wp-block-cover\" style=\"border-top-left-radius:20px;border-top-right-radius:20px;border-bottom-left-radius:20px;border-bottom-right-radius:20px\"><span aria-hidden=\"true\" class=\"wp-block-cover__background has-background-dim-100 has-background-dim has-background-gradient has-primary-gradient-gradient-background\"><\/span><div class=\"wp-block-cover__inner-container is-layout-constrained wp-container-core-cover-is-layout-7a3688e9 wp-block-cover-is-layout-constrained\">\n<div style=\"height:40px\" aria-hidden=\"true\" class=\"wp-block-spacer\"><\/div>\n\n\n\n<div class=\"wp-block-columns are-vertically-aligned-center is-layout-flex wp-container-core-columns-is-layout-14cf5ab5 wp-block-columns-is-layout-flex\">\n<div class=\"wp-block-column is-vertically-aligned-center about-us-col02 wow zoomInRight is-layout-flow wp-container-core-column-is-layout-f5bb311e wp-block-column-is-layout-flow\">\n<h2 class=\"wp-block-heading has-text-align-center about-us-heading has-fourthaccent-color has-text-color has-link-color has-lato-font-family wp-elements-f091176478ba827824d6d5738c990356\" style=\"font-size:33px;font-style:italic;font-weight:700;text-transform:capitalize\">Propositions buffets<\/h2>\n\n\n\n<p class=\"has-text-align-center has-secaccent-color has-text-color has-link-color has-lato-font-family has-small-font-size wp-elements-55504f7c3e7e8f0e04e92b544480f9de\" style=\"font-style:normal;font-weight:400;line-height:1.6\">Bodega banane plantain, quinoa et sauce rouge<\/p>\n\n\n\n<p class=\"has-text-align-center\">Endives aux l\u00e9gumes de saison<\/p>\n\n\n\n<p class=\"has-text-align-center\">Couscous de fonio <\/p>\n\n\n\n<p class=\"has-text-align-center\">Brochettes de l\u00e9gumes<\/p>\n\n\n\n<p class=\"has-text-align-center\">Cake aux olives<\/p>\n\n\n\n<p class=\"has-text-align-center\">Saumon marin\u00e9 aux \u00e9pices<\/p>\n\n\n\n<p class=\"has-text-align-center\">Chili revisit\u00e9 sans viande<\/p>\n\n\n\n<p class=\"has-text-align-center\">Patate douce aux crevettes<\/p>\n\n\n\n<p class=\"has-text-align-center\">Boulettes de boeuf aux \u00e9pices<\/p>\n\n\n\n<p class=\"has-text-align-center\">Terrine de l\u00e9gumineuses<\/p>\n\n\n\n<p class=\"has-text-align-center\">Canap\u00e9 de betterave, ch\u00e8vre, noix<\/p>\n\n\n\n<p class=\"has-text-align-center\">Salade de l\u00e9gumes de saison<\/p>\n\n\n\n<p class=\"has-text-align-center\">Taboulet au couscous de mil<\/p>\n\n\n\n<p class=\"has-text-align-center\">Salade de lentilles corail<\/p>\n\n\n\n<p class=\"has-text-align-center\">Salade de courgette au moringa et souchet<\/p>\n\n\n\n<p class=\"has-text-align-center has-secaccent-color has-text-color has-link-color has-lato-font-family has-small-font-size wp-elements-3dbbb1f7dc69ee62e827b10dc67b4e89\" style=\"font-style:italic;font-weight:400;line-height:1.6\">Boulettes de fonio et plantain<\/p>\n\n\n\n<div class=\"wp-block-columns about-col02-list is-layout-flex wp-container-core-columns-is-layout-1d7e04ed wp-block-columns-is-layout-flex\" style=\"margin-top:var(--wp--preset--spacing--60);margin-bottom:var(--wp--preset--spacing--30)\">\n<div class=\"wp-block-column is-layout-flow wp-container-core-column-is-layout-f5bb311e wp-block-column-is-layout-flow\"><\/div>\n\n\n\n<div class=\"wp-block-column is-layout-flow wp-container-core-column-is-layout-f5bb311e wp-block-column-is-layout-flow\"><\/div>\n<\/div>\n<\/div>\n<\/div>\n\n\n\n<figure class=\"wp-block-gallery has-nested-images columns-default is-cropped wp-block-gallery-1 is-layout-flex wp-block-gallery-is-layout-flex\">\n<figure class=\"wp-block-image size-full\"><img loading=\"lazy\" decoding=\"async\" width=\"940\" height=\"788\" data-id=\"280\" src=\"https:\/\/lamilandiere.fr\/wp-content\/uploads\/2026\/01\/janvier-fev-26-22.png\" alt=\"\" class=\"wp-image-280\" srcset=\"https:\/\/lamilandiere.fr\/wp-content\/uploads\/2026\/01\/janvier-fev-26-22.png 940w, https:\/\/lamilandiere.fr\/wp-content\/uploads\/2026\/01\/janvier-fev-26-22-300x251.png 300w, https:\/\/lamilandiere.fr\/wp-content\/uploads\/2026\/01\/janvier-fev-26-22-768x644.png 768w\" sizes=\"auto, (max-width: 940px) 100vw, 940px\" \/><\/figure>\n<\/figure>\n\n\n\n<div style=\"height:40px\" aria-hidden=\"true\" class=\"wp-block-spacer\"><\/div>\n<\/div><\/div>\n<\/div>\n\n\n\n<h1 class=\"wp-block-heading has-text-align-center has-background\" style=\"background-color:#ffba35\"><a href=\"https:\/\/lamilandiere.sumupstore.com\/produits?category=ea2fe7d9-f983-4b1e-a215-9504d4f56a79\" data-type=\"link\" data-id=\"https:\/\/lamilandiere.sumupstore.com\/produits?category=ea2fe7d9-f983-4b1e-a215-9504d4f56a79\">Menus hebdomadaires<\/a><\/h1>\n\n\n\n<p class=\"has-background has-small-font-size\" style=\"background-color:#ffba35\">Du mercredi au vendredi, je vous livre des plats froid \u00e0 r\u00e9chauffer. Dans les magasins relais ou entreprise. Merci de m&rsquo;appeler en amont pour v\u00e9rifier la disponibilit\u00e9. <\/p>\n\n\n\n<div class=\"wp-block-columns alignfull has-text-color has-background is-layout-flex wp-container-core-columns-is-layout-28f84493 wp-block-columns-is-layout-flex\" style=\"color:#000000;background-color:#ffba35\">\n<div class=\"wp-block-column is-layout-flow wp-block-column-is-layout-flow\">\n<h5 class=\"wp-block-heading\" style=\"font-size:19px;line-height:0\"><strong>Du 4 au 6 f\u00e9vrier <\/strong><\/h5>\n\n\n\n<p>Eminc\u00e9 de poulet marin\u00e9 aux \u00e9pices, couscous de fonio, brocolis. 18\u20ac. Dessert supp 4\u20ac : Tarte au citron moringa <\/p>\n<\/div>\n\n\n\n<div class=\"wp-block-column is-layout-flow wp-block-column-is-layout-flow\">\n<h1 class=\"wp-block-heading\" style=\"font-size:19px;line-height:0\"><strong>Du 11 au 13 f\u00e9vrier <\/strong><\/h1>\n\n\n\n<p>Boulette de b\u0153uf et polenta revisit\u00e9e \u00e0 la cr\u00e8me, l\u00e9gumes verts. 15\u20ac. Dessert Supp 3.5\u20ac Mousse  mangue<\/p>\n<\/div>\n\n\n\n<div class=\"wp-block-column is-layout-flow wp-block-column-is-layout-flow\">\n<h3 class=\"wp-block-heading\" style=\"font-size:19px;line-height:0\"><strong>Du 18 au 20 f\u00e9vrier <\/strong><\/h3>\n\n\n\n<p>Crevettes marin\u00e9es et ses patates douces, l\u00e9gumes de saisons crus.  Dessert supp 4.5\u20ac : Tarte aux pommes<\/p>\n\n\n\n<h3 class=\"wp-block-heading\" style=\"font-size:19px;line-height:0\"><strong>Du 25 au 27 f\u00e9vrier <\/strong><\/h3>\n\n\n\n<p>Chili revisit\u00e9 aux l\u00e9gumes et igname. Dessert supp 4\u20ac : Framboisier au mousse baobab<\/p>\n\n\n\n<h3 class=\"wp-block-heading\" style=\"font-size:19px;line-height:0\"><strong>Du 4 au 6 mars <\/strong><\/h3>\n\n\n\n<p>Yassa de poulet aux oignons olives, pommes de terre et brocolis.  Dessert Supp 3.5\u20ac: Mousse au chocolat<\/p>\n\n\n\n<h3 class=\"wp-block-heading\" style=\"font-size:19px;line-height:0\"><strong>Du 11 au 13 mars <\/strong><\/h3>\n\n\n\n<p>Cabillaud sauce coco et pur\u00e9e de carottes. L\u00e9gumes de saison crus. Dessert Supp 4.5\u20ac : Entremet coco et fruit<\/p>\n\n\n\n<h3 class=\"wp-block-heading\" style=\"font-size:19px;line-height:0\"><strong>Du 18 au 20 mars <\/strong><\/h3>\n\n\n\n<p>Banane plantain, quinoa et sauce rouge. L\u00e9gumes de saison crus. Dessert supp 4.5\u20ac : Mabaya Poires chocolat<\/p>\n\n\n\n<h3 class=\"wp-block-heading\" style=\"font-size:19px;line-height:0\"><strong>Du 25 au 27 mars <\/strong><\/h3>\n\n\n\n<p>Mix lentilles corail, quenelles de fonio. L\u00e9gumes crus de saison. Dessert supp 3.5\u20ac : Malol\u00e9 roul\u00e9 au chocolat<\/p>\n\n\n\n<h3 class=\"wp-block-heading\" style=\"font-size:19px;line-height:0\"><strong>Du 1er au 3 avril <\/strong><\/h3>\n\n\n\n<p>Effiloch\u00e9 de dinde et pur\u00e9e d&rsquo;igname. L\u00e9gumes crus de saison. Dessert supp 3.5\u20ac : Mousse mangue<\/p>\n\n\n\n<h3 class=\"wp-block-heading\" style=\"font-size:19px;line-height:0\"><strong>Du 8 au 11 avril <\/strong><\/h3>\n\n\n\n<p>Menu surprise<\/p>\n<\/div>\n<\/div>\n\n\n\n<div class=\"wp-block-group faq-section has-fourthaccent-background-color has-background is-layout-constrained wp-container-core-group-is-layout-80588249 wp-block-group-is-layout-constrained\" style=\"margin-top:0;margin-bottom:0;padding-top:0;padding-right:var(--wp--preset--spacing--60);padding-bottom:0;padding-left:var(--wp--preset--spacing--60)\">\n<div class=\"wp-block-cover\" style=\"border-top-left-radius:20px;border-top-right-radius:20px;border-bottom-left-radius:20px;border-bottom-right-radius:20px\"><img loading=\"lazy\" decoding=\"async\" width=\"940\" height=\"788\" class=\"wp-block-cover__image-background wp-image-328 size-full\" alt=\"\" src=\"http:\/\/lamilandiere.fr\/wp-content\/uploads\/2026\/02\/Les-produits-a-vendre-75.png\" data-object-fit=\"cover\" srcset=\"https:\/\/lamilandiere.fr\/wp-content\/uploads\/2026\/02\/Les-produits-a-vendre-75.png 940w, https:\/\/lamilandiere.fr\/wp-content\/uploads\/2026\/02\/Les-produits-a-vendre-75-300x251.png 300w, https:\/\/lamilandiere.fr\/wp-content\/uploads\/2026\/02\/Les-produits-a-vendre-75-768x644.png 768w\" sizes=\"auto, (max-width: 940px) 100vw, 940px\" \/><span aria-hidden=\"true\" class=\"wp-block-cover__background has-background-dim wp-block-cover__gradient-background has-background-gradient has-primary-gradient-gradient-background\"><\/span><div class=\"wp-block-cover__inner-container is-layout-constrained wp-container-core-cover-is-layout-7a3688e9 wp-block-cover-is-layout-constrained\">\n<div class=\"wp-block-columns is-layout-flex wp-container-core-columns-is-layout-c31d546c wp-block-columns-is-layout-flex\" style=\"margin-top:var(--wp--preset--spacing--60);margin-bottom:var(--wp--preset--spacing--60)\">\n<div class=\"wp-block-column faq-left wow zoomInLeft is-layout-flow wp-container-core-column-is-layout-f5bb311e wp-block-column-is-layout-flow\">\n<p class=\"has-fourthaccent-color has-text-color has-link-color has-lato-font-family wp-elements-fc1d25cbc0d80ea5d0c3e57522b9ace1\" style=\"font-size:34px;font-style:italic;font-weight:700\">Box verrines sal\u00e9es \u00e0 emporter<\/p>\n\n\n\n<p class=\"short-para-text has-fourthaccent-color has-text-color has-link-color has-lato-font-family has-normal-font-size wp-elements-507ee71be2076a8a4bbec53e78b33c3a\" style=\"padding-bottom:var(--wp--preset--spacing--30);font-style:normal;font-weight:400;line-height:1.7\">Emportez votre mini buffet sans gluten et sans lactose<\/p>\n\n\n\n<p><\/p>\n\n\n\n<div class=\"wp-block-buttons is-layout-flex wp-block-buttons-is-layout-flex\">\n<div class=\"wp-block-button has-custom-width wp-block-button__width-100\"><a class=\"wp-block-button__link has-primary-color has-text-color has-background has-link-color has-medium-font-size has-custom-font-size wp-element-button\" href=\"https:\/\/lamilandiere.sumupstore.com\/produits?category=ea2fe7d9-f983-4b1e-a215-9504d4f56a79\" style=\"border-top-left-radius:30px;border-top-right-radius:30px;border-bottom-left-radius:30px;border-bottom-right-radius:30px;background-color:#ffba35\" target=\"_blank\" rel=\"noreferrer noopener\">Commander ici<\/a><\/div>\n<\/div>\n<\/div>\n<\/div>\n<\/div><\/div>\n<\/div>\n\n\n\n<div class=\"wp-block-group is-layout-constrained wp-container-core-group-is-layout-5fab440d wp-block-group-is-layout-constrained\" style=\"padding-top:0;padding-right:0;padding-bottom:0;padding-left:0\">\n<div class=\"wp-block-group product-static-heading is-layout-constrained wp-container-core-group-is-layout-12243e0f wp-block-group-is-layout-constrained\">\n<h2 class=\"wp-block-heading has-text-align-center has-accent-color has-text-color has-link-color has-lato-font-family has-large-font-size wp-elements-4ff575ca780ab97bcf5050adcba5256a\" style=\"border-top-style:none;border-top-width:0px;border-right-style:none;border-right-width:0px;border-bottom-color:var(--wp--preset--color--accent);border-bottom-width:2px;border-left-style:none;border-left-width:0px;margin-top:var(--wp--preset--spacing--30);margin-bottom:var(--wp--preset--spacing--30);font-style:italic;font-weight:700\">C\u00e9r\u00e9ales, tubercules, \u00e9pices africaines<\/h2>\n<\/div>\n\n\n\n<p class=\"has-text-align-center has-thirdaccent-color has-text-color has-link-color has-small-font-size wp-elements-26eaef48b6963219c72f5c92ab9556de\" style=\"font-style:italic;font-weight:500\">que j&rsquo;utilise dans les plats sal\u00e9s et sucr\u00e9s<\/p>\n\n\n\n<div class=\"wp-block-group is-layout-constrained wp-container-core-group-is-layout-e4260d98 wp-block-group-is-layout-constrained\" style=\"margin-top:var(--wp--preset--spacing--20);margin-bottom:var(--wp--preset--spacing--20)\">\n<div class=\"wp-block-group is-layout-constrained wp-container-core-group-is-layout-12243e0f wp-block-group-is-layout-constrained\">\n<div class=\"wp-block-group tab-content is-layout-constrained wp-container-core-group-is-layout-12243e0f wp-block-group-is-layout-constrained\">\n<div class=\"wp-block-group static-product-grid owl-carousel is-layout-constrained wp-container-core-group-is-layout-090b7644 wp-block-group-is-layout-constrained\">\n<div class=\"wp-block-group is-layout-constrained wp-container-core-group-is-layout-ec9e11a4 wp-block-group-is-layout-constrained\">\n<figure class=\"wp-block-image size-full has-custom-border\"><img loading=\"lazy\" decoding=\"async\" width=\"940\" height=\"788\" src=\"https:\/\/lamilandiere.fr\/wp-content\/uploads\/2026\/01\/Design-sans-titre-8.png\" alt=\"\" class=\"wp-image-168\" style=\"border-top-left-radius:30px;border-top-right-radius:30px;border-bottom-left-radius:30px;border-bottom-right-radius:30px;object-fit:contain\" srcset=\"https:\/\/lamilandiere.fr\/wp-content\/uploads\/2026\/01\/Design-sans-titre-8.png 940w, https:\/\/lamilandiere.fr\/wp-content\/uploads\/2026\/01\/Design-sans-titre-8-300x251.png 300w, https:\/\/lamilandiere.fr\/wp-content\/uploads\/2026\/01\/Design-sans-titre-8-768x644.png 768w\" sizes=\"auto, (max-width: 940px) 100vw, 940px\" \/><\/figure>\n\n\n\n<h2 class=\"wp-block-heading has-text-align-center has-accent-color has-text-color has-link-color has-content-heading-font-size wp-elements-7877024cdabdda3f4c00e3c5d5f3b82e\" style=\"margin-top:var(--wp--preset--spacing--40);font-style:italic;font-weight:700\">Manioc<\/h2>\n\n\n\n<p class=\"has-text-align-center has-thirdaccent-color has-text-color has-link-color has-lato-font-family has-small-font-size wp-elements-33d1068e683cc2c8df24bc72b282bcb9\" style=\"margin-top:var(--wp--preset--spacing--40);font-style:italic;font-weight:400\">Tubercule en farine, feuilles plat sal\u00e9 : vit C, selenium, antioxydants, riche en amidon donc tr\u00e8s digeste<\/p>\n<\/div>\n\n\n\n<div class=\"wp-block-group is-layout-constrained wp-container-core-group-is-layout-ec9e11a4 wp-block-group-is-layout-constrained\">\n<figure class=\"wp-block-image size-full has-custom-border\"><img loading=\"lazy\" decoding=\"async\" width=\"940\" height=\"788\" src=\"https:\/\/lamilandiere.fr\/wp-content\/uploads\/2026\/01\/Design-sans-titre-9.png\" alt=\"\" class=\"wp-image-169\" style=\"border-top-left-radius:30px;border-top-right-radius:30px;border-bottom-left-radius:30px;border-bottom-right-radius:30px;object-fit:contain\" srcset=\"https:\/\/lamilandiere.fr\/wp-content\/uploads\/2026\/01\/Design-sans-titre-9.png 940w, https:\/\/lamilandiere.fr\/wp-content\/uploads\/2026\/01\/Design-sans-titre-9-300x251.png 300w, https:\/\/lamilandiere.fr\/wp-content\/uploads\/2026\/01\/Design-sans-titre-9-768x644.png 768w\" sizes=\"auto, (max-width: 940px) 100vw, 940px\" \/><\/figure>\n\n\n\n<h2 class=\"wp-block-heading has-text-align-center has-accent-color has-text-color has-link-color has-content-heading-font-size wp-elements-b858a44bf01706057dc26b8bd400ff15\" style=\"margin-top:var(--wp--preset--spacing--40);font-style:italic;font-weight:700\">Fonio<\/h2>\n\n\n\n<p class=\"has-text-align-center has-thirdaccent-color has-text-color has-link-color has-lato-font-family has-small-font-size wp-elements-201e140085215e3b454a950c9535c3e3\" style=\"margin-top:var(--wp--preset--spacing--40);font-style:italic;font-weight:400\">C\u00e9r\u00e9ales en couscous sal\u00e9 ou sucr\u00e9<\/p>\n<\/div>\n\n\n\n<div class=\"wp-block-group is-layout-constrained wp-container-core-group-is-layout-ec9e11a4 wp-block-group-is-layout-constrained\">\n<figure class=\"wp-block-image size-full has-custom-border\"><img loading=\"lazy\" decoding=\"async\" width=\"940\" height=\"788\" src=\"https:\/\/lamilandiere.fr\/wp-content\/uploads\/2026\/01\/Design-sans-titre-10.png\" alt=\"\" class=\"wp-image-170\" style=\"border-top-left-radius:30px;border-top-right-radius:30px;border-bottom-left-radius:30px;border-bottom-right-radius:30px;object-fit:contain\" srcset=\"https:\/\/lamilandiere.fr\/wp-content\/uploads\/2026\/01\/Design-sans-titre-10.png 940w, https:\/\/lamilandiere.fr\/wp-content\/uploads\/2026\/01\/Design-sans-titre-10-300x251.png 300w, https:\/\/lamilandiere.fr\/wp-content\/uploads\/2026\/01\/Design-sans-titre-10-768x644.png 768w\" sizes=\"auto, (max-width: 940px) 100vw, 940px\" \/><\/figure>\n\n\n\n<h2 class=\"wp-block-heading has-text-align-center has-accent-color has-text-color has-link-color has-content-heading-font-size wp-elements-d546f6b6a4b2983a2d0413430bec3736\" style=\"margin-top:var(--wp--preset--spacing--40);font-style:italic;font-weight:700\">Mil<\/h2>\n\n\n\n<p class=\"has-text-align-center has-thirdaccent-color has-text-color has-link-color has-lato-font-family has-small-font-size wp-elements-dcde101360637e2aa1e7d2c9bfad3803\" style=\"margin-top:var(--wp--preset--spacing--40);font-style:italic;font-weight:400\">C\u00e9r\u00e9ale en farine ou couscous, pour les plats sal\u00e9s et sucr\u00e9s<\/p>\n<\/div>\n<\/div>\n<\/div>\n\n\n\n<div class=\"wp-block-group tab-content is-layout-constrained wp-container-core-group-is-layout-12243e0f wp-block-group-is-layout-constrained\">\n<div class=\"wp-block-group static-product-grid owl-carousel is-layout-constrained wp-container-core-group-is-layout-090b7644 wp-block-group-is-layout-constrained\">\n<div class=\"wp-block-group is-layout-constrained wp-container-core-group-is-layout-ec9e11a4 wp-block-group-is-layout-constrained\">\n<figure class=\"wp-block-image size-full has-custom-border\"><img loading=\"lazy\" decoding=\"async\" width=\"940\" height=\"788\" src=\"https:\/\/lamilandiere.fr\/wp-content\/uploads\/2026\/01\/Design-sans-titre-11.png\" alt=\"\" class=\"wp-image-171\" style=\"border-top-left-radius:30px;border-top-right-radius:30px;border-bottom-left-radius:30px;border-bottom-right-radius:30px;object-fit:contain\" srcset=\"https:\/\/lamilandiere.fr\/wp-content\/uploads\/2026\/01\/Design-sans-titre-11.png 940w, https:\/\/lamilandiere.fr\/wp-content\/uploads\/2026\/01\/Design-sans-titre-11-300x251.png 300w, https:\/\/lamilandiere.fr\/wp-content\/uploads\/2026\/01\/Design-sans-titre-11-768x644.png 768w\" sizes=\"auto, (max-width: 940px) 100vw, 940px\" \/><\/figure>\n\n\n\n<h2 class=\"wp-block-heading has-text-align-center has-accent-color has-text-color has-link-color has-content-heading-font-size wp-elements-393f10650e6ddbd7fabdb200dd1409ab\" style=\"margin-top:var(--wp--preset--spacing--40);font-style:italic;font-weight:700\">Souchet<\/h2>\n\n\n\n<p class=\"has-text-align-center has-thirdaccent-color has-text-color has-link-color has-lato-font-family has-small-font-size wp-elements-19de71adf5d207fe4f25494b8ac739a8\" style=\"margin-top:var(--wp--preset--spacing--40);font-style:italic;font-weight:400\"> Tubercule en poudre, pour les salades ou la p\u00e2tisserie<\/p>\n<\/div>\n\n\n\n<div class=\"wp-block-group is-layout-constrained wp-container-core-group-is-layout-ec9e11a4 wp-block-group-is-layout-constrained\">\n<figure class=\"wp-block-image size-full has-custom-border\"><img loading=\"lazy\" decoding=\"async\" width=\"940\" height=\"788\" src=\"https:\/\/lamilandiere.fr\/wp-content\/uploads\/2026\/01\/Design-sans-titre-12.png\" alt=\"\" class=\"wp-image-172\" style=\"border-top-left-radius:30px;border-top-right-radius:30px;border-bottom-left-radius:30px;border-bottom-right-radius:30px;object-fit:contain\" srcset=\"https:\/\/lamilandiere.fr\/wp-content\/uploads\/2026\/01\/Design-sans-titre-12.png 940w, https:\/\/lamilandiere.fr\/wp-content\/uploads\/2026\/01\/Design-sans-titre-12-300x251.png 300w, https:\/\/lamilandiere.fr\/wp-content\/uploads\/2026\/01\/Design-sans-titre-12-768x644.png 768w\" sizes=\"auto, (max-width: 940px) 100vw, 940px\" \/><\/figure>\n\n\n\n<h2 class=\"wp-block-heading has-text-align-center has-accent-color has-text-color has-link-color has-content-heading-font-size wp-elements-f1c13d8654ce08b351adab4bbe9bdc9f\" style=\"margin-top:var(--wp--preset--spacing--40);font-style:italic;font-weight:700\">Moringa<\/h2>\n\n\n\n<p class=\"has-text-align-center has-thirdaccent-color has-text-color has-link-color has-lato-font-family has-small-font-size wp-elements-d7a1067d772af71d48559feb137d6ef6\" style=\"margin-top:var(--wp--preset--spacing--40);font-style:italic;font-weight:400\"> &#8230;ou dit l&rsquo;Arbre Miracle : antioxydant, riche vit A et E, r\u00e9gule la gyc\u00e9mie, stimule le syst\u00e8me immunitaire<\/p>\n<\/div>\n\n\n\n<div class=\"wp-block-group is-layout-constrained wp-container-core-group-is-layout-ec9e11a4 wp-block-group-is-layout-constrained\">\n<figure class=\"wp-block-image size-full has-custom-border\"><img loading=\"lazy\" decoding=\"async\" width=\"940\" height=\"788\" src=\"https:\/\/lamilandiere.fr\/wp-content\/uploads\/2026\/01\/Design-sans-titre-13.png\" alt=\"\" class=\"wp-image-173\" style=\"border-top-left-radius:30px;border-top-right-radius:30px;border-bottom-left-radius:30px;border-bottom-right-radius:30px;object-fit:contain\" srcset=\"https:\/\/lamilandiere.fr\/wp-content\/uploads\/2026\/01\/Design-sans-titre-13.png 940w, https:\/\/lamilandiere.fr\/wp-content\/uploads\/2026\/01\/Design-sans-titre-13-300x251.png 300w, https:\/\/lamilandiere.fr\/wp-content\/uploads\/2026\/01\/Design-sans-titre-13-768x644.png 768w\" sizes=\"auto, (max-width: 940px) 100vw, 940px\" \/><\/figure>\n\n\n\n<h2 class=\"wp-block-heading has-text-align-center has-accent-color has-text-color has-link-color has-content-heading-font-size wp-elements-7a25bd6c71f2a32096ca18641c6e2476\" style=\"margin-top:var(--wp--preset--spacing--40);font-style:italic;font-weight:700\">Hibiscus<\/h2>\n\n\n\n<p class=\"has-text-align-center has-thirdaccent-color has-text-color has-link-color has-lato-font-family has-small-font-size wp-elements-6bd409d79efd149cf6a2246e88e429b2\" style=\"margin-top:var(--wp--preset--spacing--40);font-style:italic;font-weight:400\"> ou Oseille de Guin\u00e9e, r\u00e9gule la peau, anti-inflammatoire, vit C<\/p>\n<\/div>\n<\/div>\n<\/div>\n<\/div>\n<\/div>\n\n\n\n<figure class=\"wp-block-image size-large\"><img loading=\"lazy\" decoding=\"async\" width=\"1024\" height=\"410\" src=\"http:\/\/lamilandiere.fr\/wp-content\/uploads\/2026\/01\/Banniere-MiL-Patisseries-34-1024x410.png\" alt=\"\" class=\"wp-image-156\" srcset=\"https:\/\/lamilandiere.fr\/wp-content\/uploads\/2026\/01\/Banniere-MiL-Patisseries-34-1024x410.png 1024w, https:\/\/lamilandiere.fr\/wp-content\/uploads\/2026\/01\/Banniere-MiL-Patisseries-34-300x120.png 300w, https:\/\/lamilandiere.fr\/wp-content\/uploads\/2026\/01\/Banniere-MiL-Patisseries-34-768x307.png 768w, https:\/\/lamilandiere.fr\/wp-content\/uploads\/2026\/01\/Banniere-MiL-Patisseries-34-1536x614.png 1536w, https:\/\/lamilandiere.fr\/wp-content\/uploads\/2026\/01\/Banniere-MiL-Patisseries-34-2048x819.png 2048w\" sizes=\"auto, (max-width: 1024px) 100vw, 1024px\" \/><\/figure>\n\n\n\n<div style=\"height:70px\" aria-hidden=\"true\" class=\"wp-block-spacer\"><\/div>\n<\/div>\n","protected":false},"excerpt":{"rendered":"<p>Menus hebdomadaires Du mercredi au vendredi, je vous livre des plats froid \u00e0 r\u00e9chauffer. Dans les magasins relais ou entreprise. Merci de m&rsquo;appeler en amont pour v\u00e9rifier la disponibilit\u00e9. Du 4 au 6 f\u00e9vrier Eminc\u00e9 de poulet marin\u00e9 aux \u00e9pices, couscous de fonio, brocolis. 18\u20ac. Dessert supp 4\u20ac : Tarte au citron moringa Du 11 [&hellip;]<\/p>\n","protected":false},"author":1,"featured_media":0,"parent":0,"menu_order":0,"comment_status":"closed","ping_status":"closed","template":"","meta":{"footnotes":""},"class_list":["post-69","page","type-page","status-publish","hentry"],"_links":{"self":[{"href":"https:\/\/lamilandiere.fr\/index.php\/wp-json\/wp\/v2\/pages\/69","targetHints":{"allow":["GET"]}}],"collection":[{"href":"https:\/\/lamilandiere.fr\/index.php\/wp-json\/wp\/v2\/pages"}],"about":[{"href":"https:\/\/lamilandiere.fr\/index.php\/wp-json\/wp\/v2\/types\/page"}],"author":[{"embeddable":true,"href":"https:\/\/lamilandiere.fr\/index.php\/wp-json\/wp\/v2\/users\/1"}],"replies":[{"embeddable":true,"href":"https:\/\/lamilandiere.fr\/index.php\/wp-json\/wp\/v2\/comments?post=69"}],"version-history":[{"count":50,"href":"https:\/\/lamilandiere.fr\/index.php\/wp-json\/wp\/v2\/pages\/69\/revisions"}],"predecessor-version":[{"id":334,"href":"https:\/\/lamilandiere.fr\/index.php\/wp-json\/wp\/v2\/pages\/69\/revisions\/334"}],"wp:attachment":[{"href":"https:\/\/lamilandiere.fr\/index.php\/wp-json\/wp\/v2\/media?parent=69"}],"curies":[{"name":"wp","href":"https:\/\/api.w.org\/{rel}","templated":true}]}}